{"id":16,"date":"2022-02-09T14:38:37","date_gmt":"2022-02-09T13:38:37","guid":{"rendered":"https:\/\/hotel-pension-spree.de\/en\/?page_id=16"},"modified":"2022-02-09T16:51:16","modified_gmt":"2022-02-09T15:51:16","slug":"directions","status":"publish","type":"page","link":"https:\/\/hotel-pension-spree.de\/en\/directions\/","title":{"rendered":"Directions"},"content":{"rendered":"\n<figure class=\"wp-block-image size-full\"><img loading=\"lazy\" decoding=\"async\" width=\"415\" height=\"500\" src=\"https:\/\/hotel-pension-spree.de\/en\/wp-content\/uploads\/sites\/4\/2022\/02\/map.jpg\" alt=\"\" class=\"wp-image-61\" srcset=\"https:\/\/hotel-pension-spree.de\/en\/wp-content\/uploads\/sites\/4\/2022\/02\/map.jpg 415w, https:\/\/hotel-pension-spree.de\/en\/wp-content\/uploads\/sites\/4\/2022\/02\/map-249x300.jpg 249w\" sizes=\"auto, (max-width: 415px) 100vw, 415px\" \/><\/figure>\n\n\n\n<h4 class=\"wp-block-heading\" id=\"railway-station-zoologischer-garten\">Railway station Zoologischer Garten<\/h4>\n\n\n\n<p>Underground\/subway station G\u00fcntzelstra\u00dfe (1 minute)<br>Motorway exit &#8220;Hohenzollerndamm&#8221; of the Berlin city motorway<\/p>\n\n\n\n<h4 class=\"wp-block-heading\" id=\"railway-station-zoologischer-garten\">Airport Sch\u00f6nefeld &#8211; Hotel-Pension-Spree<\/h4>\n\n\n\n<p>Take bus no. 171 to the underground station Rudow<br>Get on the underground\/subway U7 (direction &#8220;Rathaus Spandau&#8221;)<br>Get off at the station Berliner Strasse<br>Change to the underground\/subway U9 (direction &#8220;Osloer&nbsp;Strasse&#8221;)<br>On the next station get off at the station G\u00fcnzelstra\u00dfe<br>Use the front exit &#8211; go to the left side to the hotel (no.19)&nbsp;<\/p>\n\n\n\n<h4 class=\"wp-block-heading\" id=\"railway-station-zoologischer-garten\">Railway station Zoologischer Garten &#8211; Hotel-Pension-Spree<\/h4>\n\n\n\n<p>Take the underground\/subway U9 (direction &#8220;Rathaus Steglitz&#8221;)<br>On the 3rd stop get off at the station G\u00fcntzelstra\u00dfe<br>Use the rear exit &#8211; go to the left side to the hotel (no. 19)<\/p>\n\n\n\n<h4 class=\"wp-block-heading\" id=\"railway-station-zoologischer-garten\">If you come by car to the Hotel-Pension-Spree<\/h4>\n\n\n\n<p>A 100 Motorway\/Highway get off at exit Hohenzollerndamm<br>Go straight until Bundesallee<br>Take a right on Bundesallee<br>(located on the right-hand&nbsp;corner is the &#8220;Baby Korb&#8221; store)<br>Take the next right on Trautenaustra\u00dfe<br>The hotel is on the left-hand side (no.19)<\/p>\n\n\n\n<blockquote class=\"wp-block-quote is-layout-flow wp-block-quote-is-layout-flow\"><p>We wish you a pleasent journey.<\/p><\/blockquote>\n","protected":false},"excerpt":{"rendered":"<p>Railway station Zoologischer Garten Underground\/subway station G\u00fcntzelstra\u00dfe (1 minute)Motorway exit &#8220;Hohenzollerndamm&#8221; of the Berlin city motorway Airport Sch\u00f6nefeld &#8211; Hotel-Pension-Spree Take bus no. 171 to the underground station RudowGet on the underground\/subway U7 (direction &#8220;Rathaus Spandau&#8221;)Get off at the station Berliner StrasseChange to the underground\/subway U9 (direction &#8220;Osloer&nbsp;Strasse&#8221;)On the next station get off at the [&hellip;]<\/p>\n","protected":false},"author":1,"featured_media":0,"parent":0,"menu_order":0,"comment_status":"closed","ping_status":"closed","template":"","meta":{"footnotes":""},"class_list":["post-16","page","type-page","status-publish","hentry"],"_links":{"self":[{"href":"https:\/\/hotel-pension-spree.de\/en\/wp-json\/wp\/v2\/pages\/16","targetHints":{"allow":["GET"]}}],"collection":[{"href":"https:\/\/hotel-pension-spree.de\/en\/wp-json\/wp\/v2\/pages"}],"about":[{"href":"https:\/\/hotel-pension-spree.de\/en\/wp-json\/wp\/v2\/types\/page"}],"author":[{"embeddable":true,"href":"https:\/\/hotel-pension-spree.de\/en\/wp-json\/wp\/v2\/users\/1"}],"replies":[{"embeddable":true,"href":"https:\/\/hotel-pension-spree.de\/en\/wp-json\/wp\/v2\/comments?post=16"}],"version-history":[{"count":2,"href":"https:\/\/hotel-pension-spree.de\/en\/wp-json\/wp\/v2\/pages\/16\/revisions"}],"predecessor-version":[{"id":62,"href":"https:\/\/hotel-pension-spree.de\/en\/wp-json\/wp\/v2\/pages\/16\/revisions\/62"}],"wp:attachment":[{"href":"https:\/\/hotel-pension-spree.de\/en\/wp-json\/wp\/v2\/media?parent=16"}],"curies":[{"name":"wp","href":"https:\/\/api.w.org\/{rel}","templated":true}]}}